{"id":16900,"date":"2016-04-28T13:51:05","date_gmt":"2016-04-28T13:51:05","guid":{"rendered":"https:\/\/www.biomasadelbergueda.com\/?page_id=16900"},"modified":"2016-12-17T11:09:29","modified_gmt":"2016-12-17T11:09:29","slug":"nosaltres","status":"publish","type":"page","link":"https:\/\/www.biomasadelbergueda.com\/index.php\/nosaltres\/","title":{"rendered":"Nosaltres"},"content":{"rendered":"<p>[vc_row full_height=&#8221;yes&#8221; dfd_bg_style=&#8221;image&#8221; dfd_bg_image_new=&#8221;18113&#8243;][vc_column width=&#8221;1\/2&#8243;][vc_column_text]<\/p>\n<h6 style=\"text-align: center;\"><span style=\"color: #ffffff;\"><strong>Biomassa del Bergued\u00e0, es va crear l&#8217;any 2011 amb la finalitat d&#8217;oferir una nova alternativa m\u00e9s econ\u00f2mica i ecol\u00f2gica al sector de la calefacci\u00f3.<\/strong><\/span><\/h6>\n<h6 style=\"text-align: center;\"><span style=\"color: #ffffff;\"><strong>Som una empresa dedicada a la importaci\u00f3, distribuci\u00f3, comercialitzaci\u00f3 i instal\u00b7laci\u00f3 de calderes, estufes i llars de foc de llenya i pellet, com tamb\u00e9 al subministrament del combustible, el qual fem entrega a domicili.<\/strong><\/span><\/h6>\n<h6 style=\"text-align: center;\"><span style=\"color: #ffffff;\"><strong>Durant aquests anys hem anat creixent, actualment oferim servei t\u00e8cnic, manteniment i assessorament de diverses marques com a instal\u00b7ladors de calderes i estufes de pellet i llenya.<\/strong><\/span><\/h6>\n<p>[\/vc_column_text][\/vc_column][vc_column width=&#8221;1\/2&#8243;][\/vc_column][\/vc_row]<\/p>\n","protected":false},"excerpt":{"rendered":"<p>[vc_row full_height=&#8221;yes&#8221; dfd_bg_style=&#8221;image&#8221; dfd_bg_image_new=&#8221;18113&#8243;][vc_column width=&#8221;1\/2&#8243;][vc_column_text] Biomassa del Bergued\u00e0, es va crear l&#8217;any 2011 amb la finalitat d&#8217;oferir una nova alternativa m\u00e9s econ\u00f2mica i ecol\u00f2gica al sector de la calefacci\u00f3. Som<\/p>\n","protected":false},"author":1,"featured_media":0,"parent":0,"menu_order":6,"comment_status":"closed","ping_status":"closed","template":"page-custom.php","meta":{"footnotes":""},"class_list":["post-16900","page","type-page","status-publish","hentry"],"acf":[],"aioseo_notices":[],"_links":{"self":[{"href":"https:\/\/www.biomasadelbergueda.com\/index.php\/wp-json\/wp\/v2\/pages\/16900","targetHints":{"allow":["GET"]}}],"collection":[{"href":"https:\/\/www.biomasadelbergueda.com\/index.php\/wp-json\/wp\/v2\/pages"}],"about":[{"href":"https:\/\/www.biomasadelbergueda.com\/index.php\/wp-json\/wp\/v2\/types\/page"}],"author":[{"embeddable":true,"href":"https:\/\/www.biomasadelbergueda.com\/index.php\/wp-json\/wp\/v2\/users\/1"}],"replies":[{"embeddable":true,"href":"https:\/\/www.biomasadelbergueda.com\/index.php\/wp-json\/wp\/v2\/comments?post=16900"}],"version-history":[{"count":0,"href":"https:\/\/www.biomasadelbergueda.com\/index.php\/wp-json\/wp\/v2\/pages\/16900\/revisions"}],"wp:attachment":[{"href":"https:\/\/www.biomasadelbergueda.com\/index.php\/wp-json\/wp\/v2\/media?parent=16900"}],"curies":[{"name":"wp","href":"https:\/\/api.w.org\/{rel}","templated":true}]}}